{"id":3665,"date":"2025-02-07T08:46:38","date_gmt":"2025-02-07T07:46:38","guid":{"rendered":"https:\/\/www.vanessalanger.ch\/?page_id=3665"},"modified":"2025-03-26T09:29:17","modified_gmt":"2025-03-26T08:29:17","slug":"ressources-about-sexuality","status":"publish","type":"page","link":"https:\/\/www.vanessalanger.ch\/en\/ressources-about-sexuality\/","title":{"rendered":"Ressources"},"content":{"rendered":"<p><a href=\"https:\/\/www.vanessalanger.ch\/en\/ressources-livres\/\" target=\"_blank\" rel=\"noopener\"><img loading=\"lazy\" decoding=\"async\" class=\"alignleft wp-image-3711\" src=\"https:\/\/www.vanessalanger.ch\/wp-content\/uploads\/2025\/02\/3-2-300x300.png\" alt=\"ressources sexualit\u00e9 - ressources about sexuality : livres - books\" width=\"200\" height=\"200\" srcset=\"https:\/\/www.vanessalanger.ch\/wp-content\/uploads\/2025\/02\/3-2-300x300.png 300w, https:\/\/www.vanessalanger.ch\/wp-content\/uploads\/2025\/02\/3-2-1024x1024.png 1024w, https:\/\/www.vanessalanger.ch\/wp-content\/uploads\/2025\/02\/3-2-150x150.png 150w, https:\/\/www.vanessalanger.ch\/wp-content\/uploads\/2025\/02\/3-2-768x768.png 768w, https:\/\/www.vanessalanger.ch\/wp-content\/uploads\/2025\/02\/3-2-400x400.png 400w, https:\/\/www.vanessalanger.ch\/wp-content\/uploads\/2025\/02\/3-2-600x600.png 600w, https:\/\/www.vanessalanger.ch\/wp-content\/uploads\/2025\/02\/3-2.png 1080w\" sizes=\"auto, (max-width: 200px) 100vw, 200px\" \/><\/a> <a href=\"https:\/\/www.vanessalanger.ch\/en\/ressources-podcasts\/\" target=\"_blank\" rel=\"noopener\"><img loading=\"lazy\" decoding=\"async\" class=\"alignleft wp-image-3581\" src=\"https:\/\/www.vanessalanger.ch\/wp-content\/uploads\/2025\/02\/5-1-300x300.png\" alt=\"ressources sexualit\u00e9 - ressources about sexuality : podcasts\" width=\"200\" height=\"200\" srcset=\"https:\/\/www.vanessalanger.ch\/wp-content\/uploads\/2025\/02\/5-1-300x300.png 300w, https:\/\/www.vanessalanger.ch\/wp-content\/uploads\/2025\/02\/5-1-1024x1024.png 1024w, https:\/\/www.vanessalanger.ch\/wp-content\/uploads\/2025\/02\/5-1-150x150.png 150w, https:\/\/www.vanessalanger.ch\/wp-content\/uploads\/2025\/02\/5-1-768x768.png 768w, https:\/\/www.vanessalanger.ch\/wp-content\/uploads\/2025\/02\/5-1-400x400.png 400w, https:\/\/www.vanessalanger.ch\/wp-content\/uploads\/2025\/02\/5-1-600x600.png 600w, https:\/\/www.vanessalanger.ch\/wp-content\/uploads\/2025\/02\/5-1.png 1080w\" sizes=\"auto, (max-width: 200px) 100vw, 200px\" \/><\/a> <a href=\"https:\/\/www.vanessalanger.ch\/en\/ressources-jeux-de-cartes\/\" target=\"_blank\" rel=\"noopener\"><img loading=\"lazy\" decoding=\"async\" class=\"alignleft wp-image-3713\" src=\"https:\/\/www.vanessalanger.ch\/wp-content\/uploads\/2025\/02\/7-1-300x300.png\" alt=\"ressources sexualit\u00e9 - ressources about sexuality : jeux de cartes - card games\" width=\"200\" height=\"200\" srcset=\"https:\/\/www.vanessalanger.ch\/wp-content\/uploads\/2025\/02\/7-1-300x300.png 300w, https:\/\/www.vanessalanger.ch\/wp-content\/uploads\/2025\/02\/7-1-1024x1024.png 1024w, https:\/\/www.vanessalanger.ch\/wp-content\/uploads\/2025\/02\/7-1-150x150.png 150w, https:\/\/www.vanessalanger.ch\/wp-content\/uploads\/2025\/02\/7-1-768x768.png 768w, https:\/\/www.vanessalanger.ch\/wp-content\/uploads\/2025\/02\/7-1-400x400.png 400w, https:\/\/www.vanessalanger.ch\/wp-content\/uploads\/2025\/02\/7-1-600x600.png 600w, https:\/\/www.vanessalanger.ch\/wp-content\/uploads\/2025\/02\/7-1.png 1080w\" sizes=\"auto, (max-width: 200px) 100vw, 200px\" \/><\/a> <a href=\"https:\/\/www.vanessalanger.ch\/en\/ressources-videos\/\" target=\"_blank\" rel=\"noopener\"><img loading=\"lazy\" decoding=\"async\" class=\"alignleft wp-image-3715\" src=\"https:\/\/www.vanessalanger.ch\/wp-content\/uploads\/2025\/02\/9-1-300x300.png\" alt=\"ressources sexualit\u00e9 - ressources about sexuality : videos\" width=\"200\" height=\"200\" srcset=\"https:\/\/www.vanessalanger.ch\/wp-content\/uploads\/2025\/02\/9-1-300x300.png 300w, https:\/\/www.vanessalanger.ch\/wp-content\/uploads\/2025\/02\/9-1-1024x1024.png 1024w, https:\/\/www.vanessalanger.ch\/wp-content\/uploads\/2025\/02\/9-1-150x150.png 150w, https:\/\/www.vanessalanger.ch\/wp-content\/uploads\/2025\/02\/9-1-768x768.png 768w, https:\/\/www.vanessalanger.ch\/wp-content\/uploads\/2025\/02\/9-1-400x400.png 400w, https:\/\/www.vanessalanger.ch\/wp-content\/uploads\/2025\/02\/9-1-600x600.png 600w, https:\/\/www.vanessalanger.ch\/wp-content\/uploads\/2025\/02\/9-1.png 1080w\" sizes=\"auto, (max-width: 200px) 100vw, 200px\" \/><\/a><a href=\"https:\/\/www.vanessalanger.ch\/en\/ressources-en-ligne\/\" target=\"_blank\" rel=\"noopener\"><img loading=\"lazy\" decoding=\"async\" class=\"alignleft wp-image-3717\" src=\"https:\/\/www.vanessalanger.ch\/wp-content\/uploads\/2025\/02\/11-1-300x300.png\" alt=\"ressources sexualit\u00e9 - ressources about sexuality : online\" width=\"200\" height=\"200\" srcset=\"https:\/\/www.vanessalanger.ch\/wp-content\/uploads\/2025\/02\/11-1-300x300.png 300w, https:\/\/www.vanessalanger.ch\/wp-content\/uploads\/2025\/02\/11-1-1024x1024.png 1024w, https:\/\/www.vanessalanger.ch\/wp-content\/uploads\/2025\/02\/11-1-150x150.png 150w, https:\/\/www.vanessalanger.ch\/wp-content\/uploads\/2025\/02\/11-1-768x768.png 768w, https:\/\/www.vanessalanger.ch\/wp-content\/uploads\/2025\/02\/11-1-400x400.png 400w, https:\/\/www.vanessalanger.ch\/wp-content\/uploads\/2025\/02\/11-1-600x600.png 600w, https:\/\/www.vanessalanger.ch\/wp-content\/uploads\/2025\/02\/11-1.png 1080w\" sizes=\"auto, (max-width: 200px) 100vw, 200px\" \/><\/a><\/p>\n<p>&nbsp;<\/p>\n<p>&nbsp;<\/p>\n<p>&nbsp;<\/p>\n<p>&nbsp;<\/p>\n<p>&nbsp;<\/p>\n<p>&nbsp;<\/p>\n","protected":false},"excerpt":{"rendered":"<p>&nbsp; &nbsp; &nbsp; &nbsp; &nbsp; &nbsp;<\/p>\n","protected":false},"author":3,"featured_media":1904,"parent":0,"menu_order":0,"comment_status":"closed","ping_status":"closed","template":"","meta":{"_acf_changed":false,"footnotes":""},"class_list":["post-3665","page","type-page","status-publish","has-post-thumbnail","hentry"],"acf":[],"yoast_head":"<!-- This site is optimized with the Yoast SEO plugin v27.4 - https:\/\/yoast.com\/product\/yoast-seo-wordpress\/ -->\n<title>Ressources about sexuality - Vanessa Langer<\/title>\n<meta name=\"description\" content=\"Here are some resources I recommend for exploring and developing a more creative sexuality: books, games, podcasts, films, etc.\" \/>\n<meta name=\"robots\" content=\"index, follow, max-snippet:-1, max-image-preview:large, max-video-preview:-1\" \/>\n<link rel=\"canonical\" href=\"https:\/\/www.vanessalanger.ch\/en\/ressources-about-sexuality\/\" \/>\n<meta property=\"og:locale\" content=\"en_US\" \/>\n<meta property=\"og:type\" content=\"article\" \/>\n<meta property=\"og:title\" content=\"Ressources about sexuality - Vanessa Langer\" \/>\n<meta property=\"og:description\" content=\"Here are some resources I recommend for exploring and developing a more creative sexuality: books, games, podcasts, films, etc.\" \/>\n<meta property=\"og:url\" content=\"https:\/\/www.vanessalanger.ch\/en\/ressources-about-sexuality\/\" \/>\n<meta property=\"og:site_name\" content=\"Vanessa Langer\" \/>\n<meta property=\"article:modified_time\" content=\"2025-03-26T08:29:17+00:00\" \/>\n<meta property=\"og:image\" content=\"https:\/\/www.vanessalanger.ch\/wp-content\/uploads\/2020\/03\/vismaya.jpg\" \/>\n\t<meta property=\"og:image:width\" content=\"2560\" \/>\n\t<meta property=\"og:image:height\" content=\"1440\" \/>\n\t<meta property=\"og:image:type\" content=\"image\/jpeg\" \/>\n<meta name=\"twitter:card\" content=\"summary_large_image\" \/>\n<meta name=\"twitter:label1\" content=\"Est. reading time\" \/>\n\t<meta name=\"twitter:data1\" content=\"2 minutes\" \/>\n<script type=\"application\/ld+json\" class=\"yoast-schema-graph\">{\"@context\":\"https:\\\/\\\/schema.org\",\"@graph\":[{\"@type\":\"WebPage\",\"@id\":\"https:\\\/\\\/www.vanessalanger.ch\\\/en\\\/ressources-about-sexuality\\\/\",\"url\":\"https:\\\/\\\/www.vanessalanger.ch\\\/en\\\/ressources-about-sexuality\\\/\",\"name\":\"Ressources about sexuality - Vanessa Langer\",\"isPartOf\":{\"@id\":\"https:\\\/\\\/www.vanessalanger.ch\\\/en\\\/#website\"},\"primaryImageOfPage\":{\"@id\":\"https:\\\/\\\/www.vanessalanger.ch\\\/en\\\/ressources-about-sexuality\\\/#primaryimage\"},\"image\":{\"@id\":\"https:\\\/\\\/www.vanessalanger.ch\\\/en\\\/ressources-about-sexuality\\\/#primaryimage\"},\"thumbnailUrl\":\"https:\\\/\\\/www.vanessalanger.ch\\\/wp-content\\\/uploads\\\/2020\\\/03\\\/vismaya.jpg\",\"datePublished\":\"2025-02-07T07:46:38+00:00\",\"dateModified\":\"2025-03-26T08:29:17+00:00\",\"description\":\"Here are some resources I recommend for exploring and developing a more creative sexuality: books, games, podcasts, films, etc.\",\"breadcrumb\":{\"@id\":\"https:\\\/\\\/www.vanessalanger.ch\\\/en\\\/ressources-about-sexuality\\\/#breadcrumb\"},\"inLanguage\":\"en-US\",\"potentialAction\":[{\"@type\":\"ReadAction\",\"target\":[\"https:\\\/\\\/www.vanessalanger.ch\\\/en\\\/ressources-about-sexuality\\\/\"]}]},{\"@type\":\"ImageObject\",\"inLanguage\":\"en-US\",\"@id\":\"https:\\\/\\\/www.vanessalanger.ch\\\/en\\\/ressources-about-sexuality\\\/#primaryimage\",\"url\":\"https:\\\/\\\/www.vanessalanger.ch\\\/wp-content\\\/uploads\\\/2020\\\/03\\\/vismaya.jpg\",\"contentUrl\":\"https:\\\/\\\/www.vanessalanger.ch\\\/wp-content\\\/uploads\\\/2020\\\/03\\\/vismaya.jpg\",\"width\":2560,\"height\":1440,\"caption\":\"ressources sexualit\u00e9 cr\u00e9ative et intimit\u00e9 - frequently asked questions sex therapy - ressources about sexuality\"},{\"@type\":\"BreadcrumbList\",\"@id\":\"https:\\\/\\\/www.vanessalanger.ch\\\/en\\\/ressources-about-sexuality\\\/#breadcrumb\",\"itemListElement\":[{\"@type\":\"ListItem\",\"position\":1,\"name\":\"Accueil\",\"item\":\"https:\\\/\\\/www.vanessalanger.ch\\\/en\\\/\"},{\"@type\":\"ListItem\",\"position\":2,\"name\":\"Ressources\"}]},{\"@type\":\"WebSite\",\"@id\":\"https:\\\/\\\/www.vanessalanger.ch\\\/en\\\/#website\",\"url\":\"https:\\\/\\\/www.vanessalanger.ch\\\/en\\\/\",\"name\":\"Vanessa Langer\",\"description\":\"Espace d&#039;exploration psychosensorielle\",\"publisher\":{\"@id\":\"https:\\\/\\\/www.vanessalanger.ch\\\/en\\\/#organization\"},\"potentialAction\":[{\"@type\":\"SearchAction\",\"target\":{\"@type\":\"EntryPoint\",\"urlTemplate\":\"https:\\\/\\\/www.vanessalanger.ch\\\/en\\\/?s={search_term_string}\"},\"query-input\":{\"@type\":\"PropertyValueSpecification\",\"valueRequired\":true,\"valueName\":\"search_term_string\"}}],\"inLanguage\":\"en-US\"},{\"@type\":\"Organization\",\"@id\":\"https:\\\/\\\/www.vanessalanger.ch\\\/en\\\/#organization\",\"name\":\"Vanessa Langer\",\"url\":\"https:\\\/\\\/www.vanessalanger.ch\\\/en\\\/\",\"logo\":{\"@type\":\"ImageObject\",\"inLanguage\":\"en-US\",\"@id\":\"https:\\\/\\\/www.vanessalanger.ch\\\/en\\\/#\\\/schema\\\/logo\\\/image\\\/\",\"url\":\"https:\\\/\\\/www.vanessalanger.ch\\\/wp-content\\\/uploads\\\/2020\\\/04\\\/Logo_Vanessa_Langer_Vismaya.png\",\"contentUrl\":\"https:\\\/\\\/www.vanessalanger.ch\\\/wp-content\\\/uploads\\\/2020\\\/04\\\/Logo_Vanessa_Langer_Vismaya.png\",\"width\":664,\"height\":252,\"caption\":\"Vanessa Langer\"},\"image\":{\"@id\":\"https:\\\/\\\/www.vanessalanger.ch\\\/en\\\/#\\\/schema\\\/logo\\\/image\\\/\"}}]}<\/script>\n<!-- \/ Yoast SEO plugin. -->","yoast_head_json":{"title":"Ressources about sexuality - Vanessa Langer","description":"Here are some resources I recommend for exploring and developing a more creative sexuality: books, games, podcasts, films, etc.","robots":{"index":"index","follow":"follow","max-snippet":"max-snippet:-1","max-image-preview":"max-image-preview:large","max-video-preview":"max-video-preview:-1"},"canonical":"https:\/\/www.vanessalanger.ch\/en\/ressources-about-sexuality\/","og_locale":"en_US","og_type":"article","og_title":"Ressources about sexuality - Vanessa Langer","og_description":"Here are some resources I recommend for exploring and developing a more creative sexuality: books, games, podcasts, films, etc.","og_url":"https:\/\/www.vanessalanger.ch\/en\/ressources-about-sexuality\/","og_site_name":"Vanessa Langer","article_modified_time":"2025-03-26T08:29:17+00:00","og_image":[{"width":2560,"height":1440,"url":"https:\/\/www.vanessalanger.ch\/wp-content\/uploads\/2020\/03\/vismaya.jpg","type":"image\/jpeg"}],"twitter_card":"summary_large_image","twitter_misc":{"Est. reading time":"2 minutes"},"schema":{"@context":"https:\/\/schema.org","@graph":[{"@type":"WebPage","@id":"https:\/\/www.vanessalanger.ch\/en\/ressources-about-sexuality\/","url":"https:\/\/www.vanessalanger.ch\/en\/ressources-about-sexuality\/","name":"Ressources about sexuality - Vanessa Langer","isPartOf":{"@id":"https:\/\/www.vanessalanger.ch\/en\/#website"},"primaryImageOfPage":{"@id":"https:\/\/www.vanessalanger.ch\/en\/ressources-about-sexuality\/#primaryimage"},"image":{"@id":"https:\/\/www.vanessalanger.ch\/en\/ressources-about-sexuality\/#primaryimage"},"thumbnailUrl":"https:\/\/www.vanessalanger.ch\/wp-content\/uploads\/2020\/03\/vismaya.jpg","datePublished":"2025-02-07T07:46:38+00:00","dateModified":"2025-03-26T08:29:17+00:00","description":"Here are some resources I recommend for exploring and developing a more creative sexuality: books, games, podcasts, films, etc.","breadcrumb":{"@id":"https:\/\/www.vanessalanger.ch\/en\/ressources-about-sexuality\/#breadcrumb"},"inLanguage":"en-US","potentialAction":[{"@type":"ReadAction","target":["https:\/\/www.vanessalanger.ch\/en\/ressources-about-sexuality\/"]}]},{"@type":"ImageObject","inLanguage":"en-US","@id":"https:\/\/www.vanessalanger.ch\/en\/ressources-about-sexuality\/#primaryimage","url":"https:\/\/www.vanessalanger.ch\/wp-content\/uploads\/2020\/03\/vismaya.jpg","contentUrl":"https:\/\/www.vanessalanger.ch\/wp-content\/uploads\/2020\/03\/vismaya.jpg","width":2560,"height":1440,"caption":"ressources sexualit\u00e9 cr\u00e9ative et intimit\u00e9 - frequently asked questions sex therapy - ressources about sexuality"},{"@type":"BreadcrumbList","@id":"https:\/\/www.vanessalanger.ch\/en\/ressources-about-sexuality\/#breadcrumb","itemListElement":[{"@type":"ListItem","position":1,"name":"Accueil","item":"https:\/\/www.vanessalanger.ch\/en\/"},{"@type":"ListItem","position":2,"name":"Ressources"}]},{"@type":"WebSite","@id":"https:\/\/www.vanessalanger.ch\/en\/#website","url":"https:\/\/www.vanessalanger.ch\/en\/","name":"Vanessa Langer","description":"Espace d&#039;exploration psychosensorielle","publisher":{"@id":"https:\/\/www.vanessalanger.ch\/en\/#organization"},"potentialAction":[{"@type":"SearchAction","target":{"@type":"EntryPoint","urlTemplate":"https:\/\/www.vanessalanger.ch\/en\/?s={search_term_string}"},"query-input":{"@type":"PropertyValueSpecification","valueRequired":true,"valueName":"search_term_string"}}],"inLanguage":"en-US"},{"@type":"Organization","@id":"https:\/\/www.vanessalanger.ch\/en\/#organization","name":"Vanessa Langer","url":"https:\/\/www.vanessalanger.ch\/en\/","logo":{"@type":"ImageObject","inLanguage":"en-US","@id":"https:\/\/www.vanessalanger.ch\/en\/#\/schema\/logo\/image\/","url":"https:\/\/www.vanessalanger.ch\/wp-content\/uploads\/2020\/04\/Logo_Vanessa_Langer_Vismaya.png","contentUrl":"https:\/\/www.vanessalanger.ch\/wp-content\/uploads\/2020\/04\/Logo_Vanessa_Langer_Vismaya.png","width":664,"height":252,"caption":"Vanessa Langer"},"image":{"@id":"https:\/\/www.vanessalanger.ch\/en\/#\/schema\/logo\/image\/"}}]}},"_links":{"self":[{"href":"https:\/\/www.vanessalanger.ch\/en\/wp-json\/wp\/v2\/pages\/3665","targetHints":{"allow":["GET"]}}],"collection":[{"href":"https:\/\/www.vanessalanger.ch\/en\/wp-json\/wp\/v2\/pages"}],"about":[{"href":"https:\/\/www.vanessalanger.ch\/en\/wp-json\/wp\/v2\/types\/page"}],"author":[{"embeddable":true,"href":"https:\/\/www.vanessalanger.ch\/en\/wp-json\/wp\/v2\/users\/3"}],"replies":[{"embeddable":true,"href":"https:\/\/www.vanessalanger.ch\/en\/wp-json\/wp\/v2\/comments?post=3665"}],"version-history":[{"count":9,"href":"https:\/\/www.vanessalanger.ch\/en\/wp-json\/wp\/v2\/pages\/3665\/revisions"}],"predecessor-version":[{"id":4271,"href":"https:\/\/www.vanessalanger.ch\/en\/wp-json\/wp\/v2\/pages\/3665\/revisions\/4271"}],"wp:featuredmedia":[{"embeddable":true,"href":"https:\/\/www.vanessalanger.ch\/en\/wp-json\/wp\/v2\/media\/1904"}],"wp:attachment":[{"href":"https:\/\/www.vanessalanger.ch\/en\/wp-json\/wp\/v2\/media?parent=3665"}],"curies":[{"name":"wp","href":"https:\/\/api.w.org\/{rel}","templated":true}]}}