{"id":3662,"date":"2025-02-07T08:42:06","date_gmt":"2025-02-07T07:42:06","guid":{"rendered":"https:\/\/www.vanessalanger.ch\/?page_id=3662"},"modified":"2025-03-20T11:14:25","modified_gmt":"2025-03-20T10:14:25","slug":"book-recommendations-sexuality","status":"publish","type":"page","link":"https:\/\/www.vanessalanger.ch\/en\/book-recommendations-sexuality\/","title":{"rendered":"Book resources"},"content":{"rendered":"<p>Here are some book recommendations for discovering and developing a more creative sexuality and intimate life :<\/p>\n<p>&nbsp;<\/p>\n<ul>\n<li><strong><em>Connais-toi toi-m\u00eame, <\/em><\/strong><span style=\"font-weight: 400;\"><strong><em>Guide d\u2019auto-exploration du sexe f\u00e9minin, <\/em><\/strong><em>from<\/em>\u00a0Clarence Edgar-Rosa.<\/span><\/li>\n<li><strong><em>D\u00e9sirer comme un homme<\/em><\/strong><span style=\"font-weight: 400;\"><strong><em>. Enqu\u00eate sur les fantasmes et les masculinit\u00e9s,<\/em><\/strong> <em>from<\/em> Florian V\u00f6r\u00f6s.<\/span><\/li>\n<li><strong><em> L&#8217;art de dominer, <span style=\"font-weight: 400;\">from<\/span><\/em><\/strong>\u00a0<span style=\"font-weight: 400;\">Easton D. and Hardy J. (2009), Tabou Editions.<\/span><\/li>\n<li><span style=\"font-weight: 400;\"><strong><em>L&#8217;art de se soumettre, <\/em><\/strong><em>from<\/em> Easton D. and Hardy J.(2007), Tabou Editions.\u00a0<\/span><\/li>\n<li><strong><i>Jouissance Club<\/i><\/strong><span style=\"font-weight: 400;\"><strong>. <em>Une cartographie du plaisir, <\/em><\/strong><em>from<\/em>\u00a0J\u00fcne Pla.<\/span><\/li>\n<li><strong><i>Jouir est un sport de combat<\/i><\/strong><span style=\"font-weight: 400;\"><strong>,<\/strong> <em>from<\/em> Olympe de G.<\/span><\/li>\n<li><span style=\"font-weight: 400;\"><strong><em>Kink<\/em>, <em>manuel de sexualit\u00e9s cr\u00e9atives<\/em><\/strong>, <em>from<\/em> Axelle de Sade.<\/span><\/li>\n<li><strong><em>La salope \u00e9thique<\/em><\/strong><span style=\"font-weight: 400;\"><strong><em>. Guide pratique pour des relations libres sereines<\/em><\/strong>, <em>from<\/em> Dossie Easton and Janet W.Hardy.<\/span><\/li>\n<li><strong>La bible du boudoir<\/strong><span style=\"font-weight: 400;\"><strong>. Guide du plaisir sans tabou,<\/strong> <em>from<\/em> Betony Vernon.<\/span><\/li>\n<li><strong><i>Libres<\/i><\/strong><span style=\"font-weight: 400;\">, <em>from<\/em> Ovidie, Tapas Editions.<\/span><\/li>\n<li><strong><i>Sexpowerment.<\/i><\/strong><span style=\"font-weight: 400;\"><strong><em> Le sexe lib\u00e8re la femme (et l\u2019homme)<\/em>,<\/strong> <em>from<\/em> Camille Emmanuelle.<\/span><\/li>\n<li><em><strong>Les dessous du plaisir<\/strong><\/em><span style=\"font-weight: 400;\"><em><strong>. Le petit trait\u00e9 de la sexualit\u00e9 f\u00e9minine,<\/strong><\/em> <em>from<\/em> Alexia Bacqu\u00ebl.<\/span><\/li>\n<li><strong><i>Le mythe de la virilit\u00e9<\/i><\/strong><span style=\"font-weight: 400;\"><strong>, <em>un pi\u00e8ge pour les deux sexes, <\/em><\/strong><em>from<\/em>\u00a0Olivia Gazal\u00e9.<\/span><\/li>\n<li><em><strong>L\u2019homme multi-orgasmique<\/strong><\/em><span style=\"font-weight: 400;\"><strong><em>. L\u2019\u00e9nergie sexuelle masculine<\/em>,<\/strong> <em>from<\/em> Mantak Chia.<\/span><\/li>\n<li><span style=\"font-weight: 400;\"><em><strong>Polysecure<\/strong><\/em><\/span><span style=\"font-weight: 400;\"><em><strong> : attachment, trauma and consensual non-monogamy, <\/strong>from<\/em>\u00a0Jessica Fern.<\/span><\/li>\n<li><strong><i>Sex Positive now<\/i><\/strong><span style=\"font-weight: 400;\"><strong>. <em>Everything you need to know about sex positivity<\/em> <\/strong><em>from<\/em> Allena Gabosch and Jeremy Shub.<\/span><\/li>\n<li><strong><i>Sexuellement incorrect<\/i><\/strong><span style=\"font-weight: 400;\"><strong>. <\/strong><em><strong>Lib\u00e9rez votre d\u00e9sir, le sexe n\u2019a pas de genre<\/strong>,<\/em> <em>from<\/em> Philippe Arlin.<\/span><\/li>\n<\/ul>\n<p>&nbsp;<\/p>\n<p><a class=\"btn\" href=\"https:\/\/www.vanessalanger.ch\/en\/ressources-about-sexuality\/\">OTHER RESSOURCES<\/a><\/p>\n","protected":false},"excerpt":{"rendered":"<p>Here are some book recommendations for discovering and developing a more creative sexuality and intimate life : &nbsp; Connais-toi toi-m\u00eame, Guide d\u2019auto-exploration du sexe f\u00e9minin, from\u00a0Clarence Edgar-Rosa. D\u00e9sirer comme un homme. Enqu\u00eate sur les fantasmes et les masculinit\u00e9s, from Florian V\u00f6r\u00f6s. L&#8217;art de dominer, from\u00a0Easton D. and Hardy J. (2009), Tabou Editions. L&#8217;art de se [&hellip;]<\/p>\n","protected":false},"author":3,"featured_media":1904,"parent":0,"menu_order":0,"comment_status":"closed","ping_status":"closed","template":"","meta":{"_acf_changed":false,"footnotes":""},"class_list":["post-3662","page","type-page","status-publish","has-post-thumbnail","hentry"],"acf":[],"yoast_head":"<!-- This site is optimized with the Yoast SEO plugin v27.4 - https:\/\/yoast.com\/product\/yoast-seo-wordpress\/ -->\n<title>Book recommendations about sexuality - Vanessa Langer<\/title>\n<meta name=\"description\" content=\"Here are book recommendations to discover and develop a more creative sexuality and intimate life.\" \/>\n<meta name=\"robots\" content=\"index, follow, max-snippet:-1, max-image-preview:large, max-video-preview:-1\" \/>\n<link rel=\"canonical\" href=\"https:\/\/www.vanessalanger.ch\/en\/book-recommendations-sexuality\/\" \/>\n<meta property=\"og:locale\" content=\"en_US\" \/>\n<meta property=\"og:type\" content=\"article\" \/>\n<meta property=\"og:title\" content=\"Book recommendations about sexuality - Vanessa Langer\" \/>\n<meta property=\"og:description\" content=\"Here are book recommendations to discover and develop a more creative sexuality and intimate life.\" \/>\n<meta property=\"og:url\" content=\"https:\/\/www.vanessalanger.ch\/en\/book-recommendations-sexuality\/\" \/>\n<meta property=\"og:site_name\" content=\"Vanessa Langer\" \/>\n<meta property=\"article:modified_time\" content=\"2025-03-20T10:14:25+00:00\" \/>\n<meta property=\"og:image\" content=\"https:\/\/www.vanessalanger.ch\/wp-content\/uploads\/2020\/03\/vismaya.jpg\" \/>\n\t<meta property=\"og:image:width\" content=\"2560\" \/>\n\t<meta property=\"og:image:height\" content=\"1440\" \/>\n\t<meta property=\"og:image:type\" content=\"image\/jpeg\" \/>\n<meta name=\"twitter:card\" content=\"summary_large_image\" \/>\n<meta name=\"twitter:label1\" content=\"Est. reading time\" \/>\n\t<meta name=\"twitter:data1\" content=\"2 minutes\" \/>\n<script type=\"application\/ld+json\" class=\"yoast-schema-graph\">{\"@context\":\"https:\\\/\\\/schema.org\",\"@graph\":[{\"@type\":\"WebPage\",\"@id\":\"https:\\\/\\\/www.vanessalanger.ch\\\/en\\\/book-recommendations-sexuality\\\/\",\"url\":\"https:\\\/\\\/www.vanessalanger.ch\\\/en\\\/book-recommendations-sexuality\\\/\",\"name\":\"Book recommendations about sexuality - Vanessa Langer\",\"isPartOf\":{\"@id\":\"https:\\\/\\\/www.vanessalanger.ch\\\/en\\\/#website\"},\"primaryImageOfPage\":{\"@id\":\"https:\\\/\\\/www.vanessalanger.ch\\\/en\\\/book-recommendations-sexuality\\\/#primaryimage\"},\"image\":{\"@id\":\"https:\\\/\\\/www.vanessalanger.ch\\\/en\\\/book-recommendations-sexuality\\\/#primaryimage\"},\"thumbnailUrl\":\"https:\\\/\\\/www.vanessalanger.ch\\\/wp-content\\\/uploads\\\/2020\\\/03\\\/vismaya.jpg\",\"datePublished\":\"2025-02-07T07:42:06+00:00\",\"dateModified\":\"2025-03-20T10:14:25+00:00\",\"description\":\"Here are book recommendations to discover and develop a more creative sexuality and intimate life.\",\"breadcrumb\":{\"@id\":\"https:\\\/\\\/www.vanessalanger.ch\\\/en\\\/book-recommendations-sexuality\\\/#breadcrumb\"},\"inLanguage\":\"en-US\",\"potentialAction\":[{\"@type\":\"ReadAction\",\"target\":[\"https:\\\/\\\/www.vanessalanger.ch\\\/en\\\/book-recommendations-sexuality\\\/\"]}]},{\"@type\":\"ImageObject\",\"inLanguage\":\"en-US\",\"@id\":\"https:\\\/\\\/www.vanessalanger.ch\\\/en\\\/book-recommendations-sexuality\\\/#primaryimage\",\"url\":\"https:\\\/\\\/www.vanessalanger.ch\\\/wp-content\\\/uploads\\\/2020\\\/03\\\/vismaya.jpg\",\"contentUrl\":\"https:\\\/\\\/www.vanessalanger.ch\\\/wp-content\\\/uploads\\\/2020\\\/03\\\/vismaya.jpg\",\"width\":2560,\"height\":1440,\"caption\":\"ressources sexualit\u00e9 cr\u00e9ative et intimit\u00e9 - frequently asked questions sex therapy - ressources about sexuality\"},{\"@type\":\"BreadcrumbList\",\"@id\":\"https:\\\/\\\/www.vanessalanger.ch\\\/en\\\/book-recommendations-sexuality\\\/#breadcrumb\",\"itemListElement\":[{\"@type\":\"ListItem\",\"position\":1,\"name\":\"Accueil\",\"item\":\"https:\\\/\\\/www.vanessalanger.ch\\\/en\\\/\"},{\"@type\":\"ListItem\",\"position\":2,\"name\":\"Book resources\"}]},{\"@type\":\"WebSite\",\"@id\":\"https:\\\/\\\/www.vanessalanger.ch\\\/en\\\/#website\",\"url\":\"https:\\\/\\\/www.vanessalanger.ch\\\/en\\\/\",\"name\":\"Vanessa Langer\",\"description\":\"Espace d&#039;exploration psychosensorielle\",\"publisher\":{\"@id\":\"https:\\\/\\\/www.vanessalanger.ch\\\/en\\\/#organization\"},\"potentialAction\":[{\"@type\":\"SearchAction\",\"target\":{\"@type\":\"EntryPoint\",\"urlTemplate\":\"https:\\\/\\\/www.vanessalanger.ch\\\/en\\\/?s={search_term_string}\"},\"query-input\":{\"@type\":\"PropertyValueSpecification\",\"valueRequired\":true,\"valueName\":\"search_term_string\"}}],\"inLanguage\":\"en-US\"},{\"@type\":\"Organization\",\"@id\":\"https:\\\/\\\/www.vanessalanger.ch\\\/en\\\/#organization\",\"name\":\"Vanessa Langer\",\"url\":\"https:\\\/\\\/www.vanessalanger.ch\\\/en\\\/\",\"logo\":{\"@type\":\"ImageObject\",\"inLanguage\":\"en-US\",\"@id\":\"https:\\\/\\\/www.vanessalanger.ch\\\/en\\\/#\\\/schema\\\/logo\\\/image\\\/\",\"url\":\"https:\\\/\\\/www.vanessalanger.ch\\\/wp-content\\\/uploads\\\/2020\\\/04\\\/Logo_Vanessa_Langer_Vismaya.png\",\"contentUrl\":\"https:\\\/\\\/www.vanessalanger.ch\\\/wp-content\\\/uploads\\\/2020\\\/04\\\/Logo_Vanessa_Langer_Vismaya.png\",\"width\":664,\"height\":252,\"caption\":\"Vanessa Langer\"},\"image\":{\"@id\":\"https:\\\/\\\/www.vanessalanger.ch\\\/en\\\/#\\\/schema\\\/logo\\\/image\\\/\"}}]}<\/script>\n<!-- \/ Yoast SEO plugin. -->","yoast_head_json":{"title":"Book recommendations about sexuality - Vanessa Langer","description":"Here are book recommendations to discover and develop a more creative sexuality and intimate life.","robots":{"index":"index","follow":"follow","max-snippet":"max-snippet:-1","max-image-preview":"max-image-preview:large","max-video-preview":"max-video-preview:-1"},"canonical":"https:\/\/www.vanessalanger.ch\/en\/book-recommendations-sexuality\/","og_locale":"en_US","og_type":"article","og_title":"Book recommendations about sexuality - Vanessa Langer","og_description":"Here are book recommendations to discover and develop a more creative sexuality and intimate life.","og_url":"https:\/\/www.vanessalanger.ch\/en\/book-recommendations-sexuality\/","og_site_name":"Vanessa Langer","article_modified_time":"2025-03-20T10:14:25+00:00","og_image":[{"width":2560,"height":1440,"url":"https:\/\/www.vanessalanger.ch\/wp-content\/uploads\/2020\/03\/vismaya.jpg","type":"image\/jpeg"}],"twitter_card":"summary_large_image","twitter_misc":{"Est. reading time":"2 minutes"},"schema":{"@context":"https:\/\/schema.org","@graph":[{"@type":"WebPage","@id":"https:\/\/www.vanessalanger.ch\/en\/book-recommendations-sexuality\/","url":"https:\/\/www.vanessalanger.ch\/en\/book-recommendations-sexuality\/","name":"Book recommendations about sexuality - Vanessa Langer","isPartOf":{"@id":"https:\/\/www.vanessalanger.ch\/en\/#website"},"primaryImageOfPage":{"@id":"https:\/\/www.vanessalanger.ch\/en\/book-recommendations-sexuality\/#primaryimage"},"image":{"@id":"https:\/\/www.vanessalanger.ch\/en\/book-recommendations-sexuality\/#primaryimage"},"thumbnailUrl":"https:\/\/www.vanessalanger.ch\/wp-content\/uploads\/2020\/03\/vismaya.jpg","datePublished":"2025-02-07T07:42:06+00:00","dateModified":"2025-03-20T10:14:25+00:00","description":"Here are book recommendations to discover and develop a more creative sexuality and intimate life.","breadcrumb":{"@id":"https:\/\/www.vanessalanger.ch\/en\/book-recommendations-sexuality\/#breadcrumb"},"inLanguage":"en-US","potentialAction":[{"@type":"ReadAction","target":["https:\/\/www.vanessalanger.ch\/en\/book-recommendations-sexuality\/"]}]},{"@type":"ImageObject","inLanguage":"en-US","@id":"https:\/\/www.vanessalanger.ch\/en\/book-recommendations-sexuality\/#primaryimage","url":"https:\/\/www.vanessalanger.ch\/wp-content\/uploads\/2020\/03\/vismaya.jpg","contentUrl":"https:\/\/www.vanessalanger.ch\/wp-content\/uploads\/2020\/03\/vismaya.jpg","width":2560,"height":1440,"caption":"ressources sexualit\u00e9 cr\u00e9ative et intimit\u00e9 - frequently asked questions sex therapy - ressources about sexuality"},{"@type":"BreadcrumbList","@id":"https:\/\/www.vanessalanger.ch\/en\/book-recommendations-sexuality\/#breadcrumb","itemListElement":[{"@type":"ListItem","position":1,"name":"Accueil","item":"https:\/\/www.vanessalanger.ch\/en\/"},{"@type":"ListItem","position":2,"name":"Book resources"}]},{"@type":"WebSite","@id":"https:\/\/www.vanessalanger.ch\/en\/#website","url":"https:\/\/www.vanessalanger.ch\/en\/","name":"Vanessa Langer","description":"Espace d&#039;exploration psychosensorielle","publisher":{"@id":"https:\/\/www.vanessalanger.ch\/en\/#organization"},"potentialAction":[{"@type":"SearchAction","target":{"@type":"EntryPoint","urlTemplate":"https:\/\/www.vanessalanger.ch\/en\/?s={search_term_string}"},"query-input":{"@type":"PropertyValueSpecification","valueRequired":true,"valueName":"search_term_string"}}],"inLanguage":"en-US"},{"@type":"Organization","@id":"https:\/\/www.vanessalanger.ch\/en\/#organization","name":"Vanessa Langer","url":"https:\/\/www.vanessalanger.ch\/en\/","logo":{"@type":"ImageObject","inLanguage":"en-US","@id":"https:\/\/www.vanessalanger.ch\/en\/#\/schema\/logo\/image\/","url":"https:\/\/www.vanessalanger.ch\/wp-content\/uploads\/2020\/04\/Logo_Vanessa_Langer_Vismaya.png","contentUrl":"https:\/\/www.vanessalanger.ch\/wp-content\/uploads\/2020\/04\/Logo_Vanessa_Langer_Vismaya.png","width":664,"height":252,"caption":"Vanessa Langer"},"image":{"@id":"https:\/\/www.vanessalanger.ch\/en\/#\/schema\/logo\/image\/"}}]}},"_links":{"self":[{"href":"https:\/\/www.vanessalanger.ch\/en\/wp-json\/wp\/v2\/pages\/3662","targetHints":{"allow":["GET"]}}],"collection":[{"href":"https:\/\/www.vanessalanger.ch\/en\/wp-json\/wp\/v2\/pages"}],"about":[{"href":"https:\/\/www.vanessalanger.ch\/en\/wp-json\/wp\/v2\/types\/page"}],"author":[{"embeddable":true,"href":"https:\/\/www.vanessalanger.ch\/en\/wp-json\/wp\/v2\/users\/3"}],"replies":[{"embeddable":true,"href":"https:\/\/www.vanessalanger.ch\/en\/wp-json\/wp\/v2\/comments?post=3662"}],"version-history":[{"count":5,"href":"https:\/\/www.vanessalanger.ch\/en\/wp-json\/wp\/v2\/pages\/3662\/revisions"}],"predecessor-version":[{"id":4229,"href":"https:\/\/www.vanessalanger.ch\/en\/wp-json\/wp\/v2\/pages\/3662\/revisions\/4229"}],"wp:featuredmedia":[{"embeddable":true,"href":"https:\/\/www.vanessalanger.ch\/en\/wp-json\/wp\/v2\/media\/1904"}],"wp:attachment":[{"href":"https:\/\/www.vanessalanger.ch\/en\/wp-json\/wp\/v2\/media?parent=3662"}],"curies":[{"name":"wp","href":"https:\/\/api.w.org\/{rel}","templated":true}]}}