{"id":3653,"date":"2025-02-07T08:34:22","date_gmt":"2025-02-07T07:34:22","guid":{"rendered":"https:\/\/www.vanessalanger.ch\/?page_id=3653"},"modified":"2025-03-20T11:28:25","modified_gmt":"2025-03-20T10:28:25","slug":"video-recommendations-creative-sexuality","status":"publish","type":"page","link":"https:\/\/www.vanessalanger.ch\/en\/video-recommendations-creative-sexuality\/","title":{"rendered":"Video resources"},"content":{"rendered":"<p>Here are some video recommendations for discovering and developing a more creative sexuality and intimate life :<\/p>\n<p>&nbsp;<\/p>\n<p><b>FEMINIST QUEER P0RN MOVIES\u00a0:<\/b><\/p>\n<ul>\n<li><a href=\"https:\/\/www.jopollux.com\/\" target=\"_blank\" rel=\"noopener\"><span style=\"font-weight: 400;\">www.jopollux.com<\/span><\/a><\/li>\n<li><a href=\"https:\/\/meow.wtf\/\" target=\"_blank\" rel=\"noopener\"><span style=\"font-weight: 400;\">www.meow.wtf<\/span><\/a><\/li>\n<li><a href=\"http:\/\/pinkwhite.biz\/\" target=\"_blank\" rel=\"noopener\"><span style=\"font-weight: 400;\">www.pinkwhite.biz<\/span><\/a><\/li>\n<li><a href=\"http:\/\/www.goodyngreen.com\/3312025\" target=\"_blank\" rel=\"noopener\"><span style=\"font-weight: 400;\">www.goodyngreen.com<\/span><\/a><\/li>\n<li><a href=\"http:\/\/crashpadseries.com\/\" target=\"_blank\" rel=\"noopener\"><span style=\"font-weight: 400;\">www.crashpadseries.com<\/span><\/a><\/li>\n<li><a href=\"http:\/\/www.afourchamberedheart.com\/age-verification\" target=\"_blank\" rel=\"noopener\"><span style=\"font-weight: 400;\">www.afourchamberedheart.com<\/span><\/a><\/li>\n<li><a href=\"https:\/\/erikalust.com\/de\/\" target=\"_blank\" rel=\"noopener\"><span style=\"font-weight: 400;\">www.erikalust.com<\/span><\/a><\/li>\n<li><a href=\"https:\/\/www.emiliejouvet.com\/aria-le-film\" target=\"_blank\" rel=\"noopener\"><span style=\"font-weight: 400;\">www.emiliejouvet.com<\/span><\/a><\/li>\n<li><a href=\"http:\/\/femaleporndirectors.com\/fpd\/zahra-stardust\/\" target=\"_blank\" rel=\"noopener\"><span style=\"font-weight: 400;\">www.femaleporndirectors.com<\/span><\/a><\/li>\n<li><a href=\"http:\/\/blueartichokefilms.com\/\" target=\"_blank\" rel=\"noopener\"><span style=\"font-weight: 400;\">www.blueartichokefilms.com<\/span><\/a><\/li>\n<li><a href=\"http:\/\/www.aortafilms.com\/\" target=\"_blank\" rel=\"noopener\"><span style=\"font-weight: 400;\">www.aortafilms.com<\/span><\/a><\/li>\n<li><a href=\"http:\/\/jizlee.com\/film\/\" target=\"_blank\" rel=\"noopener\"><span style=\"font-weight: 400;\">www.jizlee.com<\/span><\/a><\/li>\n<li><a href=\"http:\/\/sexecology.org\/\" target=\"_blank\" rel=\"noopener\"><span style=\"font-weight: 400;\">www.sexecology.org<\/span><\/a><\/li>\n<li><a href=\"http:\/\/antoniodasilvafilms.com\/about-antonio-da-silva\" target=\"_blank\" rel=\"noopener\"><span style=\"font-weight: 400;\">www.antoniodasilvafilms.com<\/span><\/a><\/li>\n<li><a href=\"https:\/\/xconfessions.com\/\" target=\"_blank\" rel=\"noopener\"><span style=\"font-weight: 400;\">www.xconfessions.com<\/span><\/a><\/li>\n<li><a href=\"http:\/\/www.foxhousefilms.com\/\" target=\"_blank\" rel=\"noopener\"><span style=\"font-weight: 400;\">www.foxhousefilms.com<\/span><\/a><\/li>\n<li><a href=\"https:\/\/www.pinklabel.tv\/on-demand\/\" target=\"_blank\" rel=\"noopener\"><span style=\"font-weight: 400;\">www.pinklabel.tv<\/span><\/a><\/li>\n<li><a href=\"https:\/\/dreamsofspanking.com\/\" target=\"_blank\" rel=\"noopener\"><span style=\"font-weight: 400;\">www.dreamsofspanking.com<\/span><\/a><\/li>\n<\/ul>\n<p><span style=\"font-weight: 400;\">\u00a0<\/span><\/p>\n<p><b>\u00a0OTHER <\/b><b>VIDEOS :\u00a0<\/b><\/p>\n<ul>\n<li><span style=\"font-weight: 400;\"><strong><em>\u201cBONDING\u201d<\/em><\/strong>, Netflix Series<\/span><\/li>\n<li><span style=\"font-weight: 400;\"><strong><em>\u201cSHOW BOUILLANT: PAYS-BAS ET ALLEMAGNE\u201d<\/em><\/strong>, Netflix Series<\/span><\/li>\n<li><span style=\"font-weight: 400;\"><strong><em>\u201cARCHITECTE DU D\u00c9SIR\u201d, <\/em><\/strong>Netflix Series<\/span><\/li>\n<li><span style=\"font-weight: 400;\"><strong><em>\u201cWATTS THE SAFE WORD\u201d, <\/em><\/strong>Youtube account : \u201c<\/span><a href=\"https:\/\/www.youtube.com\/@WattsTheSafeword\" target=\"_blank\" rel=\"noopener\"><span style=\"font-weight: 400;\">https:\/\/www.youtube.com\/@WattsTheSafeword<\/span><\/a><\/li>\n<\/ul>\n<p>&nbsp;<\/p>\n<p><a class=\"btn\" href=\"https:\/\/www.vanessalanger.ch\/en\/ressources-about-sexuality\/\">OTHER RESSOURCES<\/a><\/p>\n","protected":false},"excerpt":{"rendered":"<p>Here are some video recommendations for discovering and developing a more creative sexuality and intimate life : &nbsp; FEMINIST QUEER P0RN MOVIES\u00a0: www.jopollux.com www.meow.wtf www.pinkwhite.biz www.goodyngreen.com www.crashpadseries.com www.afourchamberedheart.com www.erikalust.com www.emiliejouvet.com www.femaleporndirectors.com www.blueartichokefilms.com www.aortafilms.com www.jizlee.com www.sexecology.org www.antoniodasilvafilms.com www.xconfessions.com www.foxhousefilms.com www.pinklabel.tv www.dreamsofspanking.com \u00a0 \u00a0OTHER VIDEOS :\u00a0 \u201cBONDING\u201d, Netflix Series \u201cSHOW BOUILLANT: PAYS-BAS ET ALLEMAGNE\u201d, Netflix Series \u201cARCHITECTE [&hellip;]<\/p>\n","protected":false},"author":3,"featured_media":1904,"parent":0,"menu_order":0,"comment_status":"closed","ping_status":"closed","template":"","meta":{"_acf_changed":false,"footnotes":""},"class_list":["post-3653","page","type-page","status-publish","has-post-thumbnail","hentry"],"acf":[],"yoast_head":"<!-- This site is optimized with the Yoast SEO plugin v27.4 - https:\/\/yoast.com\/product\/yoast-seo-wordpress\/ -->\n<title>Video recommendations about creative sexuality - Vanessa Langer<\/title>\n<meta name=\"description\" content=\"Here are some video recommendations for discovering and developing a more creative sexuality and intimate life.\" \/>\n<meta name=\"robots\" content=\"index, follow, max-snippet:-1, max-image-preview:large, max-video-preview:-1\" \/>\n<link rel=\"canonical\" href=\"https:\/\/www.vanessalanger.ch\/en\/video-recommendations-creative-sexuality\/\" \/>\n<meta property=\"og:locale\" content=\"en_US\" \/>\n<meta property=\"og:type\" content=\"article\" \/>\n<meta property=\"og:title\" content=\"Video recommendations about creative sexuality - Vanessa Langer\" \/>\n<meta property=\"og:description\" content=\"Here are some video recommendations for discovering and developing a more creative sexuality and intimate life.\" \/>\n<meta property=\"og:url\" content=\"https:\/\/www.vanessalanger.ch\/en\/video-recommendations-creative-sexuality\/\" \/>\n<meta property=\"og:site_name\" content=\"Vanessa Langer\" \/>\n<meta property=\"article:modified_time\" content=\"2025-03-20T10:28:25+00:00\" \/>\n<meta property=\"og:image\" content=\"https:\/\/www.vanessalanger.ch\/wp-content\/uploads\/2020\/03\/vismaya.jpg\" \/>\n\t<meta property=\"og:image:width\" content=\"2560\" \/>\n\t<meta property=\"og:image:height\" content=\"1440\" \/>\n\t<meta property=\"og:image:type\" content=\"image\/jpeg\" \/>\n<meta name=\"twitter:card\" content=\"summary_large_image\" \/>\n<meta name=\"twitter:label1\" content=\"Est. reading time\" \/>\n\t<meta name=\"twitter:data1\" content=\"1 minute\" \/>\n<script type=\"application\/ld+json\" class=\"yoast-schema-graph\">{\"@context\":\"https:\\\/\\\/schema.org\",\"@graph\":[{\"@type\":\"WebPage\",\"@id\":\"https:\\\/\\\/www.vanessalanger.ch\\\/en\\\/video-recommendations-creative-sexuality\\\/\",\"url\":\"https:\\\/\\\/www.vanessalanger.ch\\\/en\\\/video-recommendations-creative-sexuality\\\/\",\"name\":\"Video recommendations about creative sexuality - Vanessa Langer\",\"isPartOf\":{\"@id\":\"https:\\\/\\\/www.vanessalanger.ch\\\/en\\\/#website\"},\"primaryImageOfPage\":{\"@id\":\"https:\\\/\\\/www.vanessalanger.ch\\\/en\\\/video-recommendations-creative-sexuality\\\/#primaryimage\"},\"image\":{\"@id\":\"https:\\\/\\\/www.vanessalanger.ch\\\/en\\\/video-recommendations-creative-sexuality\\\/#primaryimage\"},\"thumbnailUrl\":\"https:\\\/\\\/www.vanessalanger.ch\\\/wp-content\\\/uploads\\\/2020\\\/03\\\/vismaya.jpg\",\"datePublished\":\"2025-02-07T07:34:22+00:00\",\"dateModified\":\"2025-03-20T10:28:25+00:00\",\"description\":\"Here are some video recommendations for discovering and developing a more creative sexuality and intimate life.\",\"breadcrumb\":{\"@id\":\"https:\\\/\\\/www.vanessalanger.ch\\\/en\\\/video-recommendations-creative-sexuality\\\/#breadcrumb\"},\"inLanguage\":\"en-US\",\"potentialAction\":[{\"@type\":\"ReadAction\",\"target\":[\"https:\\\/\\\/www.vanessalanger.ch\\\/en\\\/video-recommendations-creative-sexuality\\\/\"]}]},{\"@type\":\"ImageObject\",\"inLanguage\":\"en-US\",\"@id\":\"https:\\\/\\\/www.vanessalanger.ch\\\/en\\\/video-recommendations-creative-sexuality\\\/#primaryimage\",\"url\":\"https:\\\/\\\/www.vanessalanger.ch\\\/wp-content\\\/uploads\\\/2020\\\/03\\\/vismaya.jpg\",\"contentUrl\":\"https:\\\/\\\/www.vanessalanger.ch\\\/wp-content\\\/uploads\\\/2020\\\/03\\\/vismaya.jpg\",\"width\":2560,\"height\":1440,\"caption\":\"ressources sexualit\u00e9 cr\u00e9ative et intimit\u00e9 - frequently asked questions sex therapy - ressources about sexuality\"},{\"@type\":\"BreadcrumbList\",\"@id\":\"https:\\\/\\\/www.vanessalanger.ch\\\/en\\\/video-recommendations-creative-sexuality\\\/#breadcrumb\",\"itemListElement\":[{\"@type\":\"ListItem\",\"position\":1,\"name\":\"Accueil\",\"item\":\"https:\\\/\\\/www.vanessalanger.ch\\\/en\\\/\"},{\"@type\":\"ListItem\",\"position\":2,\"name\":\"Video resources\"}]},{\"@type\":\"WebSite\",\"@id\":\"https:\\\/\\\/www.vanessalanger.ch\\\/en\\\/#website\",\"url\":\"https:\\\/\\\/www.vanessalanger.ch\\\/en\\\/\",\"name\":\"Vanessa Langer\",\"description\":\"Espace d&#039;exploration psychosensorielle\",\"publisher\":{\"@id\":\"https:\\\/\\\/www.vanessalanger.ch\\\/en\\\/#organization\"},\"potentialAction\":[{\"@type\":\"SearchAction\",\"target\":{\"@type\":\"EntryPoint\",\"urlTemplate\":\"https:\\\/\\\/www.vanessalanger.ch\\\/en\\\/?s={search_term_string}\"},\"query-input\":{\"@type\":\"PropertyValueSpecification\",\"valueRequired\":true,\"valueName\":\"search_term_string\"}}],\"inLanguage\":\"en-US\"},{\"@type\":\"Organization\",\"@id\":\"https:\\\/\\\/www.vanessalanger.ch\\\/en\\\/#organization\",\"name\":\"Vanessa Langer\",\"url\":\"https:\\\/\\\/www.vanessalanger.ch\\\/en\\\/\",\"logo\":{\"@type\":\"ImageObject\",\"inLanguage\":\"en-US\",\"@id\":\"https:\\\/\\\/www.vanessalanger.ch\\\/en\\\/#\\\/schema\\\/logo\\\/image\\\/\",\"url\":\"https:\\\/\\\/www.vanessalanger.ch\\\/wp-content\\\/uploads\\\/2020\\\/04\\\/Logo_Vanessa_Langer_Vismaya.png\",\"contentUrl\":\"https:\\\/\\\/www.vanessalanger.ch\\\/wp-content\\\/uploads\\\/2020\\\/04\\\/Logo_Vanessa_Langer_Vismaya.png\",\"width\":664,\"height\":252,\"caption\":\"Vanessa Langer\"},\"image\":{\"@id\":\"https:\\\/\\\/www.vanessalanger.ch\\\/en\\\/#\\\/schema\\\/logo\\\/image\\\/\"}}]}<\/script>\n<!-- \/ Yoast SEO plugin. -->","yoast_head_json":{"title":"Video recommendations about creative sexuality - Vanessa Langer","description":"Here are some video recommendations for discovering and developing a more creative sexuality and intimate life.","robots":{"index":"index","follow":"follow","max-snippet":"max-snippet:-1","max-image-preview":"max-image-preview:large","max-video-preview":"max-video-preview:-1"},"canonical":"https:\/\/www.vanessalanger.ch\/en\/video-recommendations-creative-sexuality\/","og_locale":"en_US","og_type":"article","og_title":"Video recommendations about creative sexuality - Vanessa Langer","og_description":"Here are some video recommendations for discovering and developing a more creative sexuality and intimate life.","og_url":"https:\/\/www.vanessalanger.ch\/en\/video-recommendations-creative-sexuality\/","og_site_name":"Vanessa Langer","article_modified_time":"2025-03-20T10:28:25+00:00","og_image":[{"width":2560,"height":1440,"url":"https:\/\/www.vanessalanger.ch\/wp-content\/uploads\/2020\/03\/vismaya.jpg","type":"image\/jpeg"}],"twitter_card":"summary_large_image","twitter_misc":{"Est. reading time":"1 minute"},"schema":{"@context":"https:\/\/schema.org","@graph":[{"@type":"WebPage","@id":"https:\/\/www.vanessalanger.ch\/en\/video-recommendations-creative-sexuality\/","url":"https:\/\/www.vanessalanger.ch\/en\/video-recommendations-creative-sexuality\/","name":"Video recommendations about creative sexuality - Vanessa Langer","isPartOf":{"@id":"https:\/\/www.vanessalanger.ch\/en\/#website"},"primaryImageOfPage":{"@id":"https:\/\/www.vanessalanger.ch\/en\/video-recommendations-creative-sexuality\/#primaryimage"},"image":{"@id":"https:\/\/www.vanessalanger.ch\/en\/video-recommendations-creative-sexuality\/#primaryimage"},"thumbnailUrl":"https:\/\/www.vanessalanger.ch\/wp-content\/uploads\/2020\/03\/vismaya.jpg","datePublished":"2025-02-07T07:34:22+00:00","dateModified":"2025-03-20T10:28:25+00:00","description":"Here are some video recommendations for discovering and developing a more creative sexuality and intimate life.","breadcrumb":{"@id":"https:\/\/www.vanessalanger.ch\/en\/video-recommendations-creative-sexuality\/#breadcrumb"},"inLanguage":"en-US","potentialAction":[{"@type":"ReadAction","target":["https:\/\/www.vanessalanger.ch\/en\/video-recommendations-creative-sexuality\/"]}]},{"@type":"ImageObject","inLanguage":"en-US","@id":"https:\/\/www.vanessalanger.ch\/en\/video-recommendations-creative-sexuality\/#primaryimage","url":"https:\/\/www.vanessalanger.ch\/wp-content\/uploads\/2020\/03\/vismaya.jpg","contentUrl":"https:\/\/www.vanessalanger.ch\/wp-content\/uploads\/2020\/03\/vismaya.jpg","width":2560,"height":1440,"caption":"ressources sexualit\u00e9 cr\u00e9ative et intimit\u00e9 - frequently asked questions sex therapy - ressources about sexuality"},{"@type":"BreadcrumbList","@id":"https:\/\/www.vanessalanger.ch\/en\/video-recommendations-creative-sexuality\/#breadcrumb","itemListElement":[{"@type":"ListItem","position":1,"name":"Accueil","item":"https:\/\/www.vanessalanger.ch\/en\/"},{"@type":"ListItem","position":2,"name":"Video resources"}]},{"@type":"WebSite","@id":"https:\/\/www.vanessalanger.ch\/en\/#website","url":"https:\/\/www.vanessalanger.ch\/en\/","name":"Vanessa Langer","description":"Espace d&#039;exploration psychosensorielle","publisher":{"@id":"https:\/\/www.vanessalanger.ch\/en\/#organization"},"potentialAction":[{"@type":"SearchAction","target":{"@type":"EntryPoint","urlTemplate":"https:\/\/www.vanessalanger.ch\/en\/?s={search_term_string}"},"query-input":{"@type":"PropertyValueSpecification","valueRequired":true,"valueName":"search_term_string"}}],"inLanguage":"en-US"},{"@type":"Organization","@id":"https:\/\/www.vanessalanger.ch\/en\/#organization","name":"Vanessa Langer","url":"https:\/\/www.vanessalanger.ch\/en\/","logo":{"@type":"ImageObject","inLanguage":"en-US","@id":"https:\/\/www.vanessalanger.ch\/en\/#\/schema\/logo\/image\/","url":"https:\/\/www.vanessalanger.ch\/wp-content\/uploads\/2020\/04\/Logo_Vanessa_Langer_Vismaya.png","contentUrl":"https:\/\/www.vanessalanger.ch\/wp-content\/uploads\/2020\/04\/Logo_Vanessa_Langer_Vismaya.png","width":664,"height":252,"caption":"Vanessa Langer"},"image":{"@id":"https:\/\/www.vanessalanger.ch\/en\/#\/schema\/logo\/image\/"}}]}},"_links":{"self":[{"href":"https:\/\/www.vanessalanger.ch\/en\/wp-json\/wp\/v2\/pages\/3653","targetHints":{"allow":["GET"]}}],"collection":[{"href":"https:\/\/www.vanessalanger.ch\/en\/wp-json\/wp\/v2\/pages"}],"about":[{"href":"https:\/\/www.vanessalanger.ch\/en\/wp-json\/wp\/v2\/types\/page"}],"author":[{"embeddable":true,"href":"https:\/\/www.vanessalanger.ch\/en\/wp-json\/wp\/v2\/users\/3"}],"replies":[{"embeddable":true,"href":"https:\/\/www.vanessalanger.ch\/en\/wp-json\/wp\/v2\/comments?post=3653"}],"version-history":[{"count":5,"href":"https:\/\/www.vanessalanger.ch\/en\/wp-json\/wp\/v2\/pages\/3653\/revisions"}],"predecessor-version":[{"id":4239,"href":"https:\/\/www.vanessalanger.ch\/en\/wp-json\/wp\/v2\/pages\/3653\/revisions\/4239"}],"wp:featuredmedia":[{"embeddable":true,"href":"https:\/\/www.vanessalanger.ch\/en\/wp-json\/wp\/v2\/media\/1904"}],"wp:attachment":[{"href":"https:\/\/www.vanessalanger.ch\/en\/wp-json\/wp\/v2\/media?parent=3653"}],"curies":[{"name":"wp","href":"https:\/\/api.w.org\/{rel}","templated":true}]}}