{"id":3644,"date":"2025-02-07T12:47:27","date_gmt":"2025-02-07T11:47:27","guid":{"rendered":"https:\/\/www.vanessalanger.ch\/?page_id=3644"},"modified":"2025-03-20T11:34:40","modified_gmt":"2025-03-20T10:34:40","slug":"recommendations-creative-sexuality-website","status":"publish","type":"page","link":"https:\/\/www.vanessalanger.ch\/en\/recommendations-creative-sexuality-website\/","title":{"rendered":"Online resources"},"content":{"rendered":"<p>Here are some recommended accounts and websites for developing a more creative sexuality and intimate life :<\/p>\n<p>&nbsp;<\/p>\n<p><strong>INSTAGRAM ACCOUNTS<\/strong><\/p>\n<ul>\n<li style=\"font-weight: 400;\" aria-level=\"1\"><a href=\"https:\/\/www.instagram.com\/psydukink\/\" target=\"_blank\" rel=\"noopener\"><span style=\"font-weight: 400;\">@psydukink<\/span><\/a><\/li>\n<li style=\"font-weight: 400;\" aria-level=\"1\"><a href=\"https:\/\/www.instagram.com\/laftercare\/\" target=\"_blank\" rel=\"noopener\"><span style=\"font-weight: 400;\">@laftercare<\/span><\/a><\/li>\n<li style=\"font-weight: 400;\" aria-level=\"1\"><a href=\"https:\/\/www.instagram.com\/shibari.study\/\" target=\"_blank\" rel=\"noopener\"><span style=\"font-weight: 400;\">@shibari.study<\/span><\/a><\/li>\n<\/ul>\n<p>&nbsp;<\/p>\n<p><strong>WEBSITES<\/strong><\/p>\n<ul>\n<li style=\"font-weight: 400;\" aria-level=\"1\"><a href=\"https:\/\/www.theduchy.com\/\" target=\"_blank\" rel=\"noopener\"><span style=\"font-weight: 400;\">https:\/\/www.theduchy.com\/<\/span><\/a><\/li>\n<li style=\"font-weight: 400;\" aria-level=\"1\"><a href=\"https:\/\/domsubliving.com\/\" target=\"_blank\" rel=\"noopener\"><span style=\"font-weight: 400;\">https:\/\/domsubliving.com\/<\/span><\/a><span style=\"font-weight: 400;\">\u00a0<\/span><\/li>\n<\/ul>\n<p>&nbsp;<\/p>\n<p><a class=\"btn\" href=\"https:\/\/www.vanessalanger.ch\/en\/ressources-about-sexuality\/\">OTHER RESSOURCES<\/a><\/p>\n","protected":false},"excerpt":{"rendered":"<p>Here are some recommended accounts and websites for developing a more creative sexuality and intimate life : &nbsp; INSTAGRAM ACCOUNTS @psydukink @laftercare @shibari.study &nbsp; WEBSITES https:\/\/www.theduchy.com\/ https:\/\/domsubliving.com\/\u00a0 &nbsp; OTHER RESSOURCES<\/p>\n","protected":false},"author":3,"featured_media":1904,"parent":0,"menu_order":0,"comment_status":"closed","ping_status":"closed","template":"","meta":{"_acf_changed":false,"footnotes":""},"class_list":["post-3644","page","type-page","status-publish","has-post-thumbnail","hentry"],"acf":[],"yoast_head":"<!-- This site is optimized with the Yoast SEO plugin v27.4 - https:\/\/yoast.com\/product\/yoast-seo-wordpress\/ -->\n<title>Recommendations creative sexuality website - Vanessa Langer<\/title>\n<meta name=\"description\" content=\"Here are some recommended accounts and websites for developing a more creative sexuality and intimate life.\" \/>\n<meta name=\"robots\" content=\"index, follow, max-snippet:-1, max-image-preview:large, max-video-preview:-1\" \/>\n<link rel=\"canonical\" href=\"https:\/\/www.vanessalanger.ch\/en\/recommendations-creative-sexuality-website\/\" \/>\n<meta property=\"og:locale\" content=\"en_US\" \/>\n<meta property=\"og:type\" content=\"article\" \/>\n<meta property=\"og:title\" content=\"Recommendations creative sexuality website - Vanessa Langer\" \/>\n<meta property=\"og:description\" content=\"Here are some recommended accounts and websites for developing a more creative sexuality and intimate life.\" \/>\n<meta property=\"og:url\" content=\"https:\/\/www.vanessalanger.ch\/en\/recommendations-creative-sexuality-website\/\" \/>\n<meta property=\"og:site_name\" content=\"Vanessa Langer\" \/>\n<meta property=\"article:modified_time\" content=\"2025-03-20T10:34:40+00:00\" \/>\n<meta property=\"og:image\" content=\"https:\/\/www.vanessalanger.ch\/wp-content\/uploads\/2020\/03\/vismaya.jpg\" \/>\n\t<meta property=\"og:image:width\" content=\"2560\" \/>\n\t<meta property=\"og:image:height\" content=\"1440\" \/>\n\t<meta property=\"og:image:type\" content=\"image\/jpeg\" \/>\n<meta name=\"twitter:card\" content=\"summary_large_image\" \/>\n<meta name=\"twitter:label1\" content=\"Est. reading time\" \/>\n\t<meta name=\"twitter:data1\" content=\"1 minute\" \/>\n<script type=\"application\/ld+json\" class=\"yoast-schema-graph\">{\"@context\":\"https:\\\/\\\/schema.org\",\"@graph\":[{\"@type\":\"WebPage\",\"@id\":\"https:\\\/\\\/www.vanessalanger.ch\\\/en\\\/recommendations-creative-sexuality-website\\\/\",\"url\":\"https:\\\/\\\/www.vanessalanger.ch\\\/en\\\/recommendations-creative-sexuality-website\\\/\",\"name\":\"Recommendations creative sexuality website - Vanessa Langer\",\"isPartOf\":{\"@id\":\"https:\\\/\\\/www.vanessalanger.ch\\\/en\\\/#website\"},\"primaryImageOfPage\":{\"@id\":\"https:\\\/\\\/www.vanessalanger.ch\\\/en\\\/recommendations-creative-sexuality-website\\\/#primaryimage\"},\"image\":{\"@id\":\"https:\\\/\\\/www.vanessalanger.ch\\\/en\\\/recommendations-creative-sexuality-website\\\/#primaryimage\"},\"thumbnailUrl\":\"https:\\\/\\\/www.vanessalanger.ch\\\/wp-content\\\/uploads\\\/2020\\\/03\\\/vismaya.jpg\",\"datePublished\":\"2025-02-07T11:47:27+00:00\",\"dateModified\":\"2025-03-20T10:34:40+00:00\",\"description\":\"Here are some recommended accounts and websites for developing a more creative sexuality and intimate life.\",\"breadcrumb\":{\"@id\":\"https:\\\/\\\/www.vanessalanger.ch\\\/en\\\/recommendations-creative-sexuality-website\\\/#breadcrumb\"},\"inLanguage\":\"en-US\",\"potentialAction\":[{\"@type\":\"ReadAction\",\"target\":[\"https:\\\/\\\/www.vanessalanger.ch\\\/en\\\/recommendations-creative-sexuality-website\\\/\"]}]},{\"@type\":\"ImageObject\",\"inLanguage\":\"en-US\",\"@id\":\"https:\\\/\\\/www.vanessalanger.ch\\\/en\\\/recommendations-creative-sexuality-website\\\/#primaryimage\",\"url\":\"https:\\\/\\\/www.vanessalanger.ch\\\/wp-content\\\/uploads\\\/2020\\\/03\\\/vismaya.jpg\",\"contentUrl\":\"https:\\\/\\\/www.vanessalanger.ch\\\/wp-content\\\/uploads\\\/2020\\\/03\\\/vismaya.jpg\",\"width\":2560,\"height\":1440,\"caption\":\"ressources sexualit\u00e9 cr\u00e9ative et intimit\u00e9 - frequently asked questions sex therapy - ressources about sexuality\"},{\"@type\":\"BreadcrumbList\",\"@id\":\"https:\\\/\\\/www.vanessalanger.ch\\\/en\\\/recommendations-creative-sexuality-website\\\/#breadcrumb\",\"itemListElement\":[{\"@type\":\"ListItem\",\"position\":1,\"name\":\"Accueil\",\"item\":\"https:\\\/\\\/www.vanessalanger.ch\\\/en\\\/\"},{\"@type\":\"ListItem\",\"position\":2,\"name\":\"Online resources\"}]},{\"@type\":\"WebSite\",\"@id\":\"https:\\\/\\\/www.vanessalanger.ch\\\/en\\\/#website\",\"url\":\"https:\\\/\\\/www.vanessalanger.ch\\\/en\\\/\",\"name\":\"Vanessa Langer\",\"description\":\"Espace d&#039;exploration psychosensorielle\",\"publisher\":{\"@id\":\"https:\\\/\\\/www.vanessalanger.ch\\\/en\\\/#organization\"},\"potentialAction\":[{\"@type\":\"SearchAction\",\"target\":{\"@type\":\"EntryPoint\",\"urlTemplate\":\"https:\\\/\\\/www.vanessalanger.ch\\\/en\\\/?s={search_term_string}\"},\"query-input\":{\"@type\":\"PropertyValueSpecification\",\"valueRequired\":true,\"valueName\":\"search_term_string\"}}],\"inLanguage\":\"en-US\"},{\"@type\":\"Organization\",\"@id\":\"https:\\\/\\\/www.vanessalanger.ch\\\/en\\\/#organization\",\"name\":\"Vanessa Langer\",\"url\":\"https:\\\/\\\/www.vanessalanger.ch\\\/en\\\/\",\"logo\":{\"@type\":\"ImageObject\",\"inLanguage\":\"en-US\",\"@id\":\"https:\\\/\\\/www.vanessalanger.ch\\\/en\\\/#\\\/schema\\\/logo\\\/image\\\/\",\"url\":\"https:\\\/\\\/www.vanessalanger.ch\\\/wp-content\\\/uploads\\\/2020\\\/04\\\/Logo_Vanessa_Langer_Vismaya.png\",\"contentUrl\":\"https:\\\/\\\/www.vanessalanger.ch\\\/wp-content\\\/uploads\\\/2020\\\/04\\\/Logo_Vanessa_Langer_Vismaya.png\",\"width\":664,\"height\":252,\"caption\":\"Vanessa Langer\"},\"image\":{\"@id\":\"https:\\\/\\\/www.vanessalanger.ch\\\/en\\\/#\\\/schema\\\/logo\\\/image\\\/\"}}]}<\/script>\n<!-- \/ Yoast SEO plugin. -->","yoast_head_json":{"title":"Recommendations creative sexuality website - Vanessa Langer","description":"Here are some recommended accounts and websites for developing a more creative sexuality and intimate life.","robots":{"index":"index","follow":"follow","max-snippet":"max-snippet:-1","max-image-preview":"max-image-preview:large","max-video-preview":"max-video-preview:-1"},"canonical":"https:\/\/www.vanessalanger.ch\/en\/recommendations-creative-sexuality-website\/","og_locale":"en_US","og_type":"article","og_title":"Recommendations creative sexuality website - Vanessa Langer","og_description":"Here are some recommended accounts and websites for developing a more creative sexuality and intimate life.","og_url":"https:\/\/www.vanessalanger.ch\/en\/recommendations-creative-sexuality-website\/","og_site_name":"Vanessa Langer","article_modified_time":"2025-03-20T10:34:40+00:00","og_image":[{"width":2560,"height":1440,"url":"https:\/\/www.vanessalanger.ch\/wp-content\/uploads\/2020\/03\/vismaya.jpg","type":"image\/jpeg"}],"twitter_card":"summary_large_image","twitter_misc":{"Est. reading time":"1 minute"},"schema":{"@context":"https:\/\/schema.org","@graph":[{"@type":"WebPage","@id":"https:\/\/www.vanessalanger.ch\/en\/recommendations-creative-sexuality-website\/","url":"https:\/\/www.vanessalanger.ch\/en\/recommendations-creative-sexuality-website\/","name":"Recommendations creative sexuality website - Vanessa Langer","isPartOf":{"@id":"https:\/\/www.vanessalanger.ch\/en\/#website"},"primaryImageOfPage":{"@id":"https:\/\/www.vanessalanger.ch\/en\/recommendations-creative-sexuality-website\/#primaryimage"},"image":{"@id":"https:\/\/www.vanessalanger.ch\/en\/recommendations-creative-sexuality-website\/#primaryimage"},"thumbnailUrl":"https:\/\/www.vanessalanger.ch\/wp-content\/uploads\/2020\/03\/vismaya.jpg","datePublished":"2025-02-07T11:47:27+00:00","dateModified":"2025-03-20T10:34:40+00:00","description":"Here are some recommended accounts and websites for developing a more creative sexuality and intimate life.","breadcrumb":{"@id":"https:\/\/www.vanessalanger.ch\/en\/recommendations-creative-sexuality-website\/#breadcrumb"},"inLanguage":"en-US","potentialAction":[{"@type":"ReadAction","target":["https:\/\/www.vanessalanger.ch\/en\/recommendations-creative-sexuality-website\/"]}]},{"@type":"ImageObject","inLanguage":"en-US","@id":"https:\/\/www.vanessalanger.ch\/en\/recommendations-creative-sexuality-website\/#primaryimage","url":"https:\/\/www.vanessalanger.ch\/wp-content\/uploads\/2020\/03\/vismaya.jpg","contentUrl":"https:\/\/www.vanessalanger.ch\/wp-content\/uploads\/2020\/03\/vismaya.jpg","width":2560,"height":1440,"caption":"ressources sexualit\u00e9 cr\u00e9ative et intimit\u00e9 - frequently asked questions sex therapy - ressources about sexuality"},{"@type":"BreadcrumbList","@id":"https:\/\/www.vanessalanger.ch\/en\/recommendations-creative-sexuality-website\/#breadcrumb","itemListElement":[{"@type":"ListItem","position":1,"name":"Accueil","item":"https:\/\/www.vanessalanger.ch\/en\/"},{"@type":"ListItem","position":2,"name":"Online resources"}]},{"@type":"WebSite","@id":"https:\/\/www.vanessalanger.ch\/en\/#website","url":"https:\/\/www.vanessalanger.ch\/en\/","name":"Vanessa Langer","description":"Espace d&#039;exploration psychosensorielle","publisher":{"@id":"https:\/\/www.vanessalanger.ch\/en\/#organization"},"potentialAction":[{"@type":"SearchAction","target":{"@type":"EntryPoint","urlTemplate":"https:\/\/www.vanessalanger.ch\/en\/?s={search_term_string}"},"query-input":{"@type":"PropertyValueSpecification","valueRequired":true,"valueName":"search_term_string"}}],"inLanguage":"en-US"},{"@type":"Organization","@id":"https:\/\/www.vanessalanger.ch\/en\/#organization","name":"Vanessa Langer","url":"https:\/\/www.vanessalanger.ch\/en\/","logo":{"@type":"ImageObject","inLanguage":"en-US","@id":"https:\/\/www.vanessalanger.ch\/en\/#\/schema\/logo\/image\/","url":"https:\/\/www.vanessalanger.ch\/wp-content\/uploads\/2020\/04\/Logo_Vanessa_Langer_Vismaya.png","contentUrl":"https:\/\/www.vanessalanger.ch\/wp-content\/uploads\/2020\/04\/Logo_Vanessa_Langer_Vismaya.png","width":664,"height":252,"caption":"Vanessa Langer"},"image":{"@id":"https:\/\/www.vanessalanger.ch\/en\/#\/schema\/logo\/image\/"}}]}},"_links":{"self":[{"href":"https:\/\/www.vanessalanger.ch\/en\/wp-json\/wp\/v2\/pages\/3644","targetHints":{"allow":["GET"]}}],"collection":[{"href":"https:\/\/www.vanessalanger.ch\/en\/wp-json\/wp\/v2\/pages"}],"about":[{"href":"https:\/\/www.vanessalanger.ch\/en\/wp-json\/wp\/v2\/types\/page"}],"author":[{"embeddable":true,"href":"https:\/\/www.vanessalanger.ch\/en\/wp-json\/wp\/v2\/users\/3"}],"replies":[{"embeddable":true,"href":"https:\/\/www.vanessalanger.ch\/en\/wp-json\/wp\/v2\/comments?post=3644"}],"version-history":[{"count":5,"href":"https:\/\/www.vanessalanger.ch\/en\/wp-json\/wp\/v2\/pages\/3644\/revisions"}],"predecessor-version":[{"id":4242,"href":"https:\/\/www.vanessalanger.ch\/en\/wp-json\/wp\/v2\/pages\/3644\/revisions\/4242"}],"wp:featuredmedia":[{"embeddable":true,"href":"https:\/\/www.vanessalanger.ch\/en\/wp-json\/wp\/v2\/media\/1904"}],"wp:attachment":[{"href":"https:\/\/www.vanessalanger.ch\/en\/wp-json\/wp\/v2\/media?parent=3644"}],"curies":[{"name":"wp","href":"https:\/\/api.w.org\/{rel}","templated":true}]}}