{"id":1798,"date":"2016-03-28T19:25:52","date_gmt":"2016-03-28T18:25:52","guid":{"rendered":"https:\/\/www.vanessalanger.ch\/approche-tantrique-non-duelle\/"},"modified":"2023-08-03T09:32:20","modified_gmt":"2023-08-03T08:32:20","slug":"approche-tantrique-non-duelle","status":"publish","type":"page","link":"https:\/\/www.vanessalanger.ch\/en\/approche-tantrique-non-duelle\/","title":{"rendered":"Non-dual tantric approach"},"content":{"rendered":"<h2><\/h2>\n<p>Today, in the Western collective imagination, Tantra mainly refers to sexuality. In reality, in the Vijnana Bhairava Tantra, a founding Sanskrit text from cashmere and dating from the 8th century AD, there are only 3 stanzas out of 112 that concern sexuality. Tantra of Indo-Tibetan origin is therefore much larger than that.<\/p>\n<p>It is a practice of awakening by becoming aware of the feeling: a path of experience, a direct path, a non-dual path.<\/p>\n<p>The experience of non-duality is the experience between the individual and the absolute, an experience of being, of pure joy, of deep tranquility. When we are in duality, we live ourselves as a subject, away from objects: me and the rest of the world, there is separation between me and the world. When one experiences non-duality, moments of grace, moments of awakening, the separation disappears and the world is in itself. Most of us have already experienced it.<\/p>\n<p>In front of a beautiful landscape, you can have the feeling of becoming one with the landscape.<br \/>\nListening to music, one can become pure listening.In love and sexuality, one can feel fully connected and become pure sensation.<br \/>\nThe limits of the body are no longer perceptible, everything is unified, without separation. The world becomes sensory.<\/p>\n<p>This non-dual tantric approach, also called direct path, points to our true nature. It does not lead to freedom but allows us to see what prevents liberation.<\/p>\n<p>The non-dual orientation offers to see the extent of our resistance, of our bodily reactions. It is also called negative way because it results from the elimination of what we are not.<\/p>\n<p>It is through the work of the body, listening to the feelings, that prejudices are challenged and that we become aware of reality as it is and not as we would like it to be.<\/p>\n","protected":false},"excerpt":{"rendered":"<p>Today, in the Western collective imagination, Tantra mainly refers to sexuality. In reality, in the Vijnana Bhairava Tantra, a founding Sanskrit text from cashmere and dating from the 8th century AD, there are only 3 stanzas out of 112 that concern sexuality. Tantra of Indo-Tibetan origin is therefore much larger than that. It is a [&hellip;]<\/p>\n","protected":false},"author":2,"featured_media":2347,"parent":0,"menu_order":0,"comment_status":"closed","ping_status":"closed","template":"","meta":{"_acf_changed":false,"footnotes":""},"class_list":["post-1798","page","type-page","status-publish","has-post-thumbnail","hentry"],"acf":[],"yoast_head":"<!-- This site is optimized with the Yoast SEO plugin v27.4 - https:\/\/yoast.com\/product\/yoast-seo-wordpress\/ -->\n<title>Non-dual tantric approach - Vanessa Langer<\/title>\n<meta name=\"description\" content=\"Approche tantrique non duelle, o\u00f9 l&#039;\u00e9coute du ressenti, de la r\u00e9activit\u00e9 corporelle permet de voir ce que nous ne sommes pas, la r\u00e9alit\u00e9 tel qu&#039;elle est.\" \/>\n<meta name=\"robots\" content=\"index, follow, max-snippet:-1, max-image-preview:large, max-video-preview:-1\" \/>\n<link rel=\"canonical\" href=\"https:\/\/www.vanessalanger.ch\/en\/approche-tantrique-non-duelle\/\" \/>\n<meta property=\"og:locale\" content=\"en_US\" \/>\n<meta property=\"og:type\" content=\"article\" \/>\n<meta property=\"og:title\" content=\"Non-dual tantric approach - Vanessa Langer\" \/>\n<meta property=\"og:description\" content=\"Approche tantrique non duelle, o\u00f9 l&#039;\u00e9coute du ressenti, de la r\u00e9activit\u00e9 corporelle permet de voir ce que nous ne sommes pas, la r\u00e9alit\u00e9 tel qu&#039;elle est.\" \/>\n<meta property=\"og:url\" content=\"https:\/\/www.vanessalanger.ch\/en\/approche-tantrique-non-duelle\/\" \/>\n<meta property=\"og:site_name\" content=\"Vanessa Langer\" \/>\n<meta property=\"article:modified_time\" content=\"2023-08-03T08:32:20+00:00\" \/>\n<meta property=\"og:image\" content=\"https:\/\/www.vanessalanger.ch\/wp-content\/uploads\/2020\/05\/Arriere_plan-Tache_bleue_Corr-1024x697.jpg\" \/>\n\t<meta property=\"og:image:width\" content=\"1024\" \/>\n\t<meta property=\"og:image:height\" content=\"697\" \/>\n\t<meta property=\"og:image:type\" content=\"image\/jpeg\" \/>\n<meta name=\"twitter:card\" content=\"summary_large_image\" \/>\n<meta name=\"twitter:label1\" content=\"Est. reading time\" \/>\n\t<meta name=\"twitter:data1\" content=\"2 minutes\" \/>\n<script type=\"application\/ld+json\" class=\"yoast-schema-graph\">{\"@context\":\"https:\\\/\\\/schema.org\",\"@graph\":[{\"@type\":\"WebPage\",\"@id\":\"https:\\\/\\\/www.vanessalanger.ch\\\/en\\\/approche-tantrique-non-duelle\\\/\",\"url\":\"https:\\\/\\\/www.vanessalanger.ch\\\/en\\\/approche-tantrique-non-duelle\\\/\",\"name\":\"Non-dual tantric approach - Vanessa Langer\",\"isPartOf\":{\"@id\":\"https:\\\/\\\/www.vanessalanger.ch\\\/en\\\/#website\"},\"primaryImageOfPage\":{\"@id\":\"https:\\\/\\\/www.vanessalanger.ch\\\/en\\\/approche-tantrique-non-duelle\\\/#primaryimage\"},\"image\":{\"@id\":\"https:\\\/\\\/www.vanessalanger.ch\\\/en\\\/approche-tantrique-non-duelle\\\/#primaryimage\"},\"thumbnailUrl\":\"https:\\\/\\\/www.vanessalanger.ch\\\/wp-content\\\/uploads\\\/2020\\\/05\\\/Arriere_plan-Tache_bleue_Corr.jpg\",\"datePublished\":\"2016-03-28T18:25:52+00:00\",\"dateModified\":\"2023-08-03T08:32:20+00:00\",\"description\":\"Approche tantrique non duelle, o\u00f9 l'\u00e9coute du ressenti, de la r\u00e9activit\u00e9 corporelle permet de voir ce que nous ne sommes pas, la r\u00e9alit\u00e9 tel qu'elle est.\",\"breadcrumb\":{\"@id\":\"https:\\\/\\\/www.vanessalanger.ch\\\/en\\\/approche-tantrique-non-duelle\\\/#breadcrumb\"},\"inLanguage\":\"en-US\",\"potentialAction\":[{\"@type\":\"ReadAction\",\"target\":[\"https:\\\/\\\/www.vanessalanger.ch\\\/en\\\/approche-tantrique-non-duelle\\\/\"]}]},{\"@type\":\"ImageObject\",\"inLanguage\":\"en-US\",\"@id\":\"https:\\\/\\\/www.vanessalanger.ch\\\/en\\\/approche-tantrique-non-duelle\\\/#primaryimage\",\"url\":\"https:\\\/\\\/www.vanessalanger.ch\\\/wp-content\\\/uploads\\\/2020\\\/05\\\/Arriere_plan-Tache_bleue_Corr.jpg\",\"contentUrl\":\"https:\\\/\\\/www.vanessalanger.ch\\\/wp-content\\\/uploads\\\/2020\\\/05\\\/Arriere_plan-Tache_bleue_Corr.jpg\",\"width\":2560,\"height\":1741,\"caption\":\"Vanessa Langer m\u00e9dias\"},{\"@type\":\"BreadcrumbList\",\"@id\":\"https:\\\/\\\/www.vanessalanger.ch\\\/en\\\/approche-tantrique-non-duelle\\\/#breadcrumb\",\"itemListElement\":[{\"@type\":\"ListItem\",\"position\":1,\"name\":\"Accueil\",\"item\":\"https:\\\/\\\/www.vanessalanger.ch\\\/en\\\/\"},{\"@type\":\"ListItem\",\"position\":2,\"name\":\"Non-dual tantric approach\"}]},{\"@type\":\"WebSite\",\"@id\":\"https:\\\/\\\/www.vanessalanger.ch\\\/en\\\/#website\",\"url\":\"https:\\\/\\\/www.vanessalanger.ch\\\/en\\\/\",\"name\":\"Vanessa Langer\",\"description\":\"Espace d&#039;exploration psychosensorielle\",\"publisher\":{\"@id\":\"https:\\\/\\\/www.vanessalanger.ch\\\/en\\\/#organization\"},\"potentialAction\":[{\"@type\":\"SearchAction\",\"target\":{\"@type\":\"EntryPoint\",\"urlTemplate\":\"https:\\\/\\\/www.vanessalanger.ch\\\/en\\\/?s={search_term_string}\"},\"query-input\":{\"@type\":\"PropertyValueSpecification\",\"valueRequired\":true,\"valueName\":\"search_term_string\"}}],\"inLanguage\":\"en-US\"},{\"@type\":\"Organization\",\"@id\":\"https:\\\/\\\/www.vanessalanger.ch\\\/en\\\/#organization\",\"name\":\"Vanessa Langer\",\"url\":\"https:\\\/\\\/www.vanessalanger.ch\\\/en\\\/\",\"logo\":{\"@type\":\"ImageObject\",\"inLanguage\":\"en-US\",\"@id\":\"https:\\\/\\\/www.vanessalanger.ch\\\/en\\\/#\\\/schema\\\/logo\\\/image\\\/\",\"url\":\"https:\\\/\\\/www.vanessalanger.ch\\\/wp-content\\\/uploads\\\/2020\\\/04\\\/Logo_Vanessa_Langer_Vismaya.png\",\"contentUrl\":\"https:\\\/\\\/www.vanessalanger.ch\\\/wp-content\\\/uploads\\\/2020\\\/04\\\/Logo_Vanessa_Langer_Vismaya.png\",\"width\":664,\"height\":252,\"caption\":\"Vanessa Langer\"},\"image\":{\"@id\":\"https:\\\/\\\/www.vanessalanger.ch\\\/en\\\/#\\\/schema\\\/logo\\\/image\\\/\"}}]}<\/script>\n<!-- \/ Yoast SEO plugin. -->","yoast_head_json":{"title":"Non-dual tantric approach - Vanessa Langer","description":"Approche tantrique non duelle, o\u00f9 l'\u00e9coute du ressenti, de la r\u00e9activit\u00e9 corporelle permet de voir ce que nous ne sommes pas, la r\u00e9alit\u00e9 tel qu'elle est.","robots":{"index":"index","follow":"follow","max-snippet":"max-snippet:-1","max-image-preview":"max-image-preview:large","max-video-preview":"max-video-preview:-1"},"canonical":"https:\/\/www.vanessalanger.ch\/en\/approche-tantrique-non-duelle\/","og_locale":"en_US","og_type":"article","og_title":"Non-dual tantric approach - Vanessa Langer","og_description":"Approche tantrique non duelle, o\u00f9 l'\u00e9coute du ressenti, de la r\u00e9activit\u00e9 corporelle permet de voir ce que nous ne sommes pas, la r\u00e9alit\u00e9 tel qu'elle est.","og_url":"https:\/\/www.vanessalanger.ch\/en\/approche-tantrique-non-duelle\/","og_site_name":"Vanessa Langer","article_modified_time":"2023-08-03T08:32:20+00:00","og_image":[{"width":1024,"height":697,"url":"https:\/\/www.vanessalanger.ch\/wp-content\/uploads\/2020\/05\/Arriere_plan-Tache_bleue_Corr-1024x697.jpg","type":"image\/jpeg"}],"twitter_card":"summary_large_image","twitter_misc":{"Est. reading time":"2 minutes"},"schema":{"@context":"https:\/\/schema.org","@graph":[{"@type":"WebPage","@id":"https:\/\/www.vanessalanger.ch\/en\/approche-tantrique-non-duelle\/","url":"https:\/\/www.vanessalanger.ch\/en\/approche-tantrique-non-duelle\/","name":"Non-dual tantric approach - Vanessa Langer","isPartOf":{"@id":"https:\/\/www.vanessalanger.ch\/en\/#website"},"primaryImageOfPage":{"@id":"https:\/\/www.vanessalanger.ch\/en\/approche-tantrique-non-duelle\/#primaryimage"},"image":{"@id":"https:\/\/www.vanessalanger.ch\/en\/approche-tantrique-non-duelle\/#primaryimage"},"thumbnailUrl":"https:\/\/www.vanessalanger.ch\/wp-content\/uploads\/2020\/05\/Arriere_plan-Tache_bleue_Corr.jpg","datePublished":"2016-03-28T18:25:52+00:00","dateModified":"2023-08-03T08:32:20+00:00","description":"Approche tantrique non duelle, o\u00f9 l'\u00e9coute du ressenti, de la r\u00e9activit\u00e9 corporelle permet de voir ce que nous ne sommes pas, la r\u00e9alit\u00e9 tel qu'elle est.","breadcrumb":{"@id":"https:\/\/www.vanessalanger.ch\/en\/approche-tantrique-non-duelle\/#breadcrumb"},"inLanguage":"en-US","potentialAction":[{"@type":"ReadAction","target":["https:\/\/www.vanessalanger.ch\/en\/approche-tantrique-non-duelle\/"]}]},{"@type":"ImageObject","inLanguage":"en-US","@id":"https:\/\/www.vanessalanger.ch\/en\/approche-tantrique-non-duelle\/#primaryimage","url":"https:\/\/www.vanessalanger.ch\/wp-content\/uploads\/2020\/05\/Arriere_plan-Tache_bleue_Corr.jpg","contentUrl":"https:\/\/www.vanessalanger.ch\/wp-content\/uploads\/2020\/05\/Arriere_plan-Tache_bleue_Corr.jpg","width":2560,"height":1741,"caption":"Vanessa Langer m\u00e9dias"},{"@type":"BreadcrumbList","@id":"https:\/\/www.vanessalanger.ch\/en\/approche-tantrique-non-duelle\/#breadcrumb","itemListElement":[{"@type":"ListItem","position":1,"name":"Accueil","item":"https:\/\/www.vanessalanger.ch\/en\/"},{"@type":"ListItem","position":2,"name":"Non-dual tantric approach"}]},{"@type":"WebSite","@id":"https:\/\/www.vanessalanger.ch\/en\/#website","url":"https:\/\/www.vanessalanger.ch\/en\/","name":"Vanessa Langer","description":"Espace d&#039;exploration psychosensorielle","publisher":{"@id":"https:\/\/www.vanessalanger.ch\/en\/#organization"},"potentialAction":[{"@type":"SearchAction","target":{"@type":"EntryPoint","urlTemplate":"https:\/\/www.vanessalanger.ch\/en\/?s={search_term_string}"},"query-input":{"@type":"PropertyValueSpecification","valueRequired":true,"valueName":"search_term_string"}}],"inLanguage":"en-US"},{"@type":"Organization","@id":"https:\/\/www.vanessalanger.ch\/en\/#organization","name":"Vanessa Langer","url":"https:\/\/www.vanessalanger.ch\/en\/","logo":{"@type":"ImageObject","inLanguage":"en-US","@id":"https:\/\/www.vanessalanger.ch\/en\/#\/schema\/logo\/image\/","url":"https:\/\/www.vanessalanger.ch\/wp-content\/uploads\/2020\/04\/Logo_Vanessa_Langer_Vismaya.png","contentUrl":"https:\/\/www.vanessalanger.ch\/wp-content\/uploads\/2020\/04\/Logo_Vanessa_Langer_Vismaya.png","width":664,"height":252,"caption":"Vanessa Langer"},"image":{"@id":"https:\/\/www.vanessalanger.ch\/en\/#\/schema\/logo\/image\/"}}]}},"_links":{"self":[{"href":"https:\/\/www.vanessalanger.ch\/en\/wp-json\/wp\/v2\/pages\/1798","targetHints":{"allow":["GET"]}}],"collection":[{"href":"https:\/\/www.vanessalanger.ch\/en\/wp-json\/wp\/v2\/pages"}],"about":[{"href":"https:\/\/www.vanessalanger.ch\/en\/wp-json\/wp\/v2\/types\/page"}],"author":[{"embeddable":true,"href":"https:\/\/www.vanessalanger.ch\/en\/wp-json\/wp\/v2\/users\/2"}],"replies":[{"embeddable":true,"href":"https:\/\/www.vanessalanger.ch\/en\/wp-json\/wp\/v2\/comments?post=1798"}],"version-history":[{"count":2,"href":"https:\/\/www.vanessalanger.ch\/en\/wp-json\/wp\/v2\/pages\/1798\/revisions"}],"predecessor-version":[{"id":1868,"href":"https:\/\/www.vanessalanger.ch\/en\/wp-json\/wp\/v2\/pages\/1798\/revisions\/1868"}],"wp:featuredmedia":[{"embeddable":true,"href":"https:\/\/www.vanessalanger.ch\/en\/wp-json\/wp\/v2\/media\/2347"}],"wp:attachment":[{"href":"https:\/\/www.vanessalanger.ch\/en\/wp-json\/wp\/v2\/media?parent=1798"}],"curies":[{"name":"wp","href":"https:\/\/api.w.org\/{rel}","templated":true}]}}